{"id":2819,"date":"2025-10-16T20:42:45","date_gmt":"2025-10-16T20:42:45","guid":{"rendered":"https:\/\/valianbrazil.com\/?page_id=2819"},"modified":"2025-10-21T08:44:22","modified_gmt":"2025-10-21T08:44:22","slug":"imprint","status":"publish","type":"page","link":"https:\/\/valianbrazil.com\/index.php\/imprint\/","title":{"rendered":"Imprint"},"content":{"rendered":"\t\t<div data-elementor-type=\"wp-page\" data-elementor-id=\"2819\" class=\"elementor elementor-2819\">\n\t\t\t\t<div class=\"elementor-element elementor-element-26287657 e-flex e-con-boxed e-con e-parent\" data-id=\"26287657\" data-element_type=\"container\" data-settings=\"{&quot;background_background&quot;:&quot;classic&quot;}\">\n\t\t\t\t\t<div class=\"e-con-inner\">\n\t\t<div class=\"elementor-element elementor-element-43d71911 e-con-full e-flex e-con e-child\" data-id=\"43d71911\" data-element_type=\"container\">\n\t\t\t\t<div class=\"elementor-element elementor-element-d438eb8 elementor-widget elementor-widget-text-editor\" data-id=\"d438eb8\" data-element_type=\"widget\" data-widget_type=\"text-editor.default\">\n\t\t\t\t\t\t\t\t\t<p>.<\/p>\t\t\t\t\t\t\t\t<\/div>\n\t\t\t\t<\/div>\n\t\t<div class=\"elementor-element elementor-element-2dcd9128 e-con-full e-flex e-con e-child\" data-id=\"2dcd9128\" data-element_type=\"container\">\n\t\t\t\t<\/div>\n\t\t<div class=\"elementor-element elementor-element-1532206a e-con-full elementor-hidden-mobile e-flex e-con e-child\" data-id=\"1532206a\" data-element_type=\"container\">\n\t\t\t\t<\/div>\n\t\t\t\t\t<\/div>\n\t\t\t\t<\/div>\n\t\t<div class=\"elementor-element elementor-element-2d08565 e-flex e-con-boxed e-con e-parent\" data-id=\"2d08565\" data-element_type=\"container\" data-settings=\"{&quot;background_background&quot;:&quot;classic&quot;}\">\n\t\t\t\t\t<div class=\"e-con-inner\">\n\t\t<div class=\"elementor-element elementor-element-1f6fab8 e-con-full e-flex e-con e-child\" data-id=\"1f6fab8\" data-element_type=\"container\">\n\t\t\t\t<div class=\"elementor-element elementor-element-bb8a691 elementor-widget elementor-widget-text-editor\" data-id=\"bb8a691\" data-element_type=\"widget\" data-widget_type=\"text-editor.default\">\n\t\t\t\t\t\t\t\t\t<nav class=\"rank-math-breadcrumb\" aria-label=\"breadcrumbs\"><nav class=\"rank-math-breadcrumb\" aria-label=\"breadcrumbs\"><nav class=\"rank-math-breadcrumb\" aria-label=\"breadcrumbs\"><div class=\"wp-block-group has-theme-palette-4-background-color has-background\"><div class=\"wp-block-group__inner-container is-layout-constrained wp-block-group-is-layout-constrained\"><div class=\"wp-block-group\"><div class=\"wp-block-group__inner-container is-layout-constrained wp-block-group-is-layout-constrained\"><nav class=\"rank-math-breadcrumb\" aria-label=\"breadcrumbs\"><p><a href=\"https:\/\/www.valiabrazil.com\/\">Home<\/a><span class=\"separator\">\u00a0|\u00a0<\/span><span class=\"last\">Imprint<\/span><\/p><\/nav><\/div><\/div><\/div><\/div><\/nav><\/nav><\/nav>\t\t\t\t\t\t\t\t<\/div>\n\t\t\t\t<\/div>\n\t\t<div class=\"elementor-element elementor-element-8153d04 e-con-full e-flex e-con e-child\" data-id=\"8153d04\" data-element_type=\"container\">\n\t\t\t\t<\/div>\n\t\t<div class=\"elementor-element elementor-element-0a08566 e-con-full e-flex e-con e-child\" data-id=\"0a08566\" data-element_type=\"container\">\n\t\t\t\t<\/div>\n\t\t\t\t\t<\/div>\n\t\t\t\t<\/div>\n\t\t<div class=\"elementor-element elementor-element-f40faf6 e-flex e-con-boxed e-con e-parent\" data-id=\"f40faf6\" data-element_type=\"container\" data-settings=\"{&quot;background_background&quot;:&quot;classic&quot;}\">\n\t\t\t\t\t<div class=\"e-con-inner\">\n\t\t<div class=\"elementor-element elementor-element-e156eee e-con-full e-flex e-con e-child\" data-id=\"e156eee\" data-element_type=\"container\">\n\t\t\t\t<\/div>\n\t\t<div class=\"elementor-element elementor-element-adcd4b7 e-con-full e-flex e-con e-child\" data-id=\"adcd4b7\" data-element_type=\"container\">\n\t\t\t\t<div class=\"elementor-element elementor-element-33995ef elementor-widget elementor-widget-image\" data-id=\"33995ef\" data-element_type=\"widget\" data-widget_type=\"image.default\">\n\t\t\t\t\t\t\t\t\t\t\t\t\t\t\t<img decoding=\"async\" src=\"https:\/\/valianbrazil.com\/wp-content\/uploads\/elementor\/thumbs\/Screenshot-2025-10-05-210742-rcrxdi277d1nywqsamb6fnfk8srhq9hc34omnrqzno.png\" title=\"Screenshot 2025-10-05 210742\" alt=\"Screenshot 2025-10-05 210742\" loading=\"lazy\" \/>\t\t\t\t\t\t\t\t\t\t\t\t\t\t\t<\/div>\n\t\t\t\t<\/div>\n\t\t<div class=\"elementor-element elementor-element-a901066 e-con-full e-flex e-con e-child\" data-id=\"a901066\" data-element_type=\"container\">\n\t\t\t\t<\/div>\n\t\t\t\t\t<\/div>\n\t\t\t\t<\/div>\n\t\t<div class=\"elementor-element elementor-element-625dbf08 e-con-full e-flex e-con e-parent\" data-id=\"625dbf08\" data-element_type=\"container\" data-settings=\"{&quot;background_background&quot;:&quot;classic&quot;}\">\n\t\t\t\t<div class=\"elementor-element elementor-element-4b9939c7 elementor-widget elementor-widget-heading\" data-id=\"4b9939c7\" data-element_type=\"widget\" data-widget_type=\"heading.default\">\n\t\t\t\t\t<h2 class=\"elementor-heading-title elementor-size-default\">Imprint\n<\/h2>\t\t\t\t<\/div>\n\t\t\t\t<div class=\"elementor-element elementor-element-31c765f2 elementor-widget elementor-widget-text-editor\" data-id=\"31c765f2\" data-element_type=\"widget\" data-widget_type=\"text-editor.default\">\n\t\t\t\t\t\t\t\t\t<p class=\"has-theme-palette-9-color has-text-color has-link-color wp-elements-2623986719bc8346cc3dd9db617e32a4\">As of: May 2025<\/p>\t\t\t\t\t\t\t\t<\/div>\n\t\t\t\t<div class=\"elementor-element elementor-element-7284f1f elementor-widget elementor-widget-heading\" data-id=\"7284f1f\" data-element_type=\"widget\" data-widget_type=\"heading.default\">\n\t\t\t\t\t<h2 class=\"elementor-heading-title elementor-size-default\">Company details and legal information for VALIA Brazil\n<\/h2>\t\t\t\t<\/div>\n\t\t\t\t<div class=\"elementor-element elementor-element-6e21a8bc elementor-widget elementor-widget-heading\" data-id=\"6e21a8bc\" data-element_type=\"widget\" data-widget_type=\"heading.default\">\n\t\t\t\t\t<h2 class=\"elementor-heading-title elementor-size-default\">Company name:\n<\/h2>\t\t\t\t<\/div>\n\t\t\t\t<div class=\"elementor-element elementor-element-32903d9 elementor-widget elementor-widget-text-editor\" data-id=\"32903d9\" data-element_type=\"widget\" data-widget_type=\"text-editor.default\">\n\t\t\t\t\t\t\t\t\t<p class=\"has-theme-palette-9-color has-text-color has-link-color wp-elements-6d62aff19760bcc24df75ebbb00ac2ae\"><strong>VALIA Brazil Importa\u00e7\u00e3o &amp; Exporta\u00e7\u00e3o Ltda<\/strong>\u00a0(Trade name: \u201e<strong>VALIA Brazil<\/strong>\u201c)<\/p>\t\t\t\t\t\t\t\t<\/div>\n\t\t\t\t<div class=\"elementor-element elementor-element-1f11776 elementor-widget elementor-widget-heading\" data-id=\"1f11776\" data-element_type=\"widget\" data-widget_type=\"heading.default\">\n\t\t\t\t\t<h2 class=\"elementor-heading-title elementor-size-default\">Registered office and address:\n<\/h2>\t\t\t\t<\/div>\n\t\t\t\t<div class=\"elementor-element elementor-element-a88a3d6 elementor-widget__width-initial elementor-widget elementor-widget-text-editor\" data-id=\"a88a3d6\" data-element_type=\"widget\" data-widget_type=\"text-editor.default\">\n\t\t\t\t\t\t\t\t\t<p class=\"has-theme-palette-9-color has-text-color has-link-color wp-elements-4ccf3ad222f15d845864e066db9976b1\">Avenida Salgado Filho, 2120 \u2013 Centro<br \/>Guarulhos \u2013 SP, CEP 07115-000<br \/>Brazil<\/p>\t\t\t\t\t\t\t\t<\/div>\n\t\t\t\t<div class=\"elementor-element elementor-element-69f073f elementor-widget elementor-widget-heading\" data-id=\"69f073f\" data-element_type=\"widget\" data-widget_type=\"heading.default\">\n\t\t\t\t\t<h2 class=\"elementor-heading-title elementor-size-default\">CNPJ (Brazilian company number):\n<\/h2>\t\t\t\t<\/div>\n\t\t\t\t<div class=\"elementor-element elementor-element-1f32a00 elementor-widget__width-initial elementor-widget elementor-widget-text-editor\" data-id=\"1f32a00\" data-element_type=\"widget\" data-widget_type=\"text-editor.default\">\n\t\t\t\t\t\t\t\t\t<p class=\"has-theme-palette-9-color has-text-color has-link-color wp-elements-42823465be11e95dd2c1275158ad4562\">49.867.202\/0001-24<\/p>\t\t\t\t\t\t\t\t<\/div>\n\t\t\t\t<div class=\"elementor-element elementor-element-d5aa3ef elementor-widget elementor-widget-heading\" data-id=\"d5aa3ef\" data-element_type=\"widget\" data-widget_type=\"heading.default\">\n\t\t\t\t\t<h2 class=\"elementor-heading-title elementor-size-default\">Management \/ Responsible:\n<\/h2>\t\t\t\t<\/div>\n\t\t\t\t<div class=\"elementor-element elementor-element-5a2af46 elementor-widget__width-initial elementor-widget elementor-widget-text-editor\" data-id=\"5a2af46\" data-element_type=\"widget\" data-widget_type=\"text-editor.default\">\n\t\t\t\t\t\t\t\t\t<p class=\"has-theme-palette-9-color has-text-color has-link-color wp-elements-42823465be11e95dd2c1275158ad4562\">Cleude Aparecida Burdzik \u2013 Managing Partner (<em>S\u00f3cia-Administradora<\/em>)<br \/>Peter Hans Burdzik \u2013 Managing Partner (<em>S\u00f3cio-Administrador<\/em>)<\/p>\t\t\t\t\t\t\t\t<\/div>\n\t\t\t\t<div class=\"elementor-element elementor-element-3e7fb9c elementor-widget elementor-widget-heading\" data-id=\"3e7fb9c\" data-element_type=\"widget\" data-widget_type=\"heading.default\">\n\t\t\t\t\t<h2 class=\"elementor-heading-title elementor-size-default\">CNPJ (Brazilian company number):\n<\/h2>\t\t\t\t<\/div>\n\t\t\t\t<div class=\"elementor-element elementor-element-d066ec5 elementor-widget__width-initial elementor-widget elementor-widget-text-editor\" data-id=\"d066ec5\" data-element_type=\"widget\" data-widget_type=\"text-editor.default\">\n\t\t\t\t\t\t\t\t\t<p class=\"has-theme-palette-9-color has-text-color has-link-color wp-elements-42823465be11e95dd2c1275158ad4562\">Phone: +5511954576643<br \/>Email: <a href=\"mailto:Sale@valianbrazil.com\">Sale@valianbrazil.com<\/a><\/p><p class=\"has-theme-palette-9-color has-text-color has-link-color wp-elements-42823465be11e95dd2c1275158ad4562\">Website: <a href=\"http:\/\/valianbrazil.com\">www.valianbrazil.com<\/a><\/p>\t\t\t\t\t\t\t\t<\/div>\n\t\t\t\t<div class=\"elementor-element elementor-element-42ba747 elementor-widget elementor-widget-heading\" data-id=\"42ba747\" data-element_type=\"widget\" data-widget_type=\"heading.default\">\n\t\t\t\t\t<h2 class=\"elementor-heading-title elementor-size-default\">Corporate purpose:\n<\/h2>\t\t\t\t<\/div>\n\t\t\t\t<div class=\"elementor-element elementor-element-8b42cba elementor-widget__width-initial elementor-widget elementor-widget-text-editor\" data-id=\"8b42cba\" data-element_type=\"widget\" data-widget_type=\"text-editor.default\">\n\t\t\t\t\t\t\t\t\t<p class=\"has-theme-palette-9-color has-text-color has-link-color wp-elements-7d6dd8a1ff923de8a2d23edf51484095\">Import and export of raw materials, trade brokerage, international procurement consulting.<\/p>\t\t\t\t\t\t\t\t<\/div>\n\t\t\t\t<div class=\"elementor-element elementor-element-4c4ca16 elementor-widget elementor-widget-heading\" data-id=\"4c4ca16\" data-element_type=\"widget\" data-widget_type=\"heading.default\">\n\t\t\t\t\t<h2 class=\"elementor-heading-title elementor-size-default\">Data protection notice:\n<\/h2>\t\t\t\t<\/div>\n\t\t\t\t<div class=\"elementor-element elementor-element-a002423 elementor-widget__width-initial elementor-widget elementor-widget-text-editor\" data-id=\"a002423\" data-element_type=\"widget\" data-widget_type=\"text-editor.default\">\n\t\t\t\t\t\t\t\t\t<div class=\"wp-block-group has-background\" data-bg-url=\"url('https:\/\/www.valiabrazil.com\/wp-content\/uploads\/2025\/05\/VALIA-Brazil_kreise-full-dark-scaled.webp')\"><div class=\"wp-block-group__inner-container is-layout-constrained wp-block-group-is-layout-constrained\"><div class=\"wp-block-group\"><div class=\"wp-block-group__inner-container is-layout-constrained wp-block-group-is-layout-constrained\"><p class=\"has-theme-palette-9-color has-text-color\">You can find our data protection information at:\u00a0<a href=\"https:\/\/valianbrazil.com\/index.php\/data-protection-notice\/\">Data Protection Notice<\/a><\/p><\/div><\/div><\/div><\/div>\t\t\t\t\t\t\t\t<\/div>\n\t\t\t\t<\/div>\n\t\t<div class=\"elementor-element elementor-element-85583de e-flex e-con-boxed e-con e-parent\" data-id=\"85583de\" data-element_type=\"container\">\n\t\t\t\t\t<div class=\"e-con-inner\">\n\t\t<div class=\"elementor-element elementor-element-2e46fd3 e-con-full e-flex e-con e-child\" data-id=\"2e46fd3\" data-element_type=\"container\">\n\t\t\t\t<\/div>\n\t\t<div class=\"elementor-element elementor-element-4542f5d e-con-full e-flex e-con e-child\" data-id=\"4542f5d\" data-element_type=\"container\" data-settings=\"{&quot;background_background&quot;:&quot;classic&quot;}\">\n\t\t\t\t<div class=\"elementor-element elementor-element-14f19e3 elementor-widget elementor-widget-heading\" data-id=\"14f19e3\" data-element_type=\"widget\" data-widget_type=\"heading.default\">\n\t\t\t\t\t<h2 class=\"elementor-heading-title elementor-size-default\">Data protection notice:\n<\/h2>\t\t\t\t<\/div>\n\t\t\t\t<div class=\"elementor-element elementor-element-8ca299b elementor-widget__width-initial elementor-widget elementor-widget-text-editor\" data-id=\"8ca299b\" data-element_type=\"widget\" data-widget_type=\"text-editor.default\">\n\t\t\t\t\t\t\t\t\t<div class=\"wp-block-group has-background\" data-bg-url=\"url('https:\/\/www.valiabrazil.com\/wp-content\/uploads\/2025\/05\/VALIA-Brazil_kreise-full-dark-scaled.webp')\"><div class=\"wp-block-group__inner-container is-layout-constrained wp-block-group-is-layout-constrained\"><div class=\"wp-block-group\"><div class=\"wp-block-group__inner-container is-layout-constrained wp-block-group-is-layout-constrained\"><p>The content of this website is intended solely to provide general information about the activities and services of VALIA Brazil. We assume no liability for the accuracy, completeness and timeliness of the information provided.<br \/>We reserve the right to change or remove content at any time without notice.<\/p><p>Despite careful content control, we assume no liability for external links. The operators of linked pages are solely responsible for their content.<\/p><p>All texts, images and brands on this website are subject to copyright and trademark protection. Any use requires the express written permission of VALIA Brazil.<\/p><\/div><\/div><\/div><\/div>\t\t\t\t\t\t\t\t<\/div>\n\t\t\t\t<\/div>\n\t\t<div class=\"elementor-element elementor-element-c31f915 e-con-full e-flex e-con e-child\" data-id=\"c31f915\" data-element_type=\"container\">\n\t\t\t\t<\/div>\n\t\t\t\t\t<\/div>\n\t\t\t\t<\/div>\n\t\t<div class=\"elementor-element elementor-element-55b96ebc e-flex e-con-boxed e-con e-parent\" data-id=\"55b96ebc\" data-element_type=\"container\">\n\t\t\t\t\t<div class=\"e-con-inner\">\n\t\t<div class=\"elementor-element elementor-element-66e2d4bf e-con-full e-flex e-con e-child\" data-id=\"66e2d4bf\" data-element_type=\"container\">\n\t\t\t\t<\/div>\n\t\t<div class=\"elementor-element elementor-element-4a019d49 e-con-full e-flex e-con e-child\" data-id=\"4a019d49\" data-element_type=\"container\">\n\t\t\t\t<div class=\"elementor-element elementor-element-6027a998 elementor-widget elementor-widget-image\" data-id=\"6027a998\" data-element_type=\"widget\" data-widget_type=\"image.default\">\n\t\t\t\t\t\t\t\t\t\t\t\t\t\t\t<img decoding=\"async\" src=\"https:\/\/valianbrazil.com\/wp-content\/uploads\/elementor\/thumbs\/Screenshot_2025-10-05_234834-removebg-preview-rcuozlzhf41dfojbdmjsfbeevvpk62enpwfwrvmyug.png\" title=\"Screenshot_2025-10-05_234834-removebg-preview\" alt=\"Screenshot_2025-10-05_234834-removebg-preview\" loading=\"lazy\" \/>\t\t\t\t\t\t\t\t\t\t\t\t\t\t\t<\/div>\n\t\t\t\t<\/div>\n\t\t<div class=\"elementor-element elementor-element-2529f0cb e-con-full e-flex e-con e-child\" data-id=\"2529f0cb\" data-element_type=\"container\">\n\t\t\t\t<\/div>\n\t\t\t\t\t<\/div>\n\t\t\t\t<\/div>\n\t\t\t\t<\/div>\n\t\t","protected":false},"excerpt":{"rendered":"<p>. Home\u00a0|\u00a0Imprint Imprint As of: May 2025 Company details and legal information for VALIA Brazil Company name: VALIA Brazil Importa\u00e7\u00e3o &amp; Exporta\u00e7\u00e3o Ltda\u00a0(Trade name: \u201eVALIA Brazil\u201c) Registered office and address: Avenida Salgado Filho, 2120 \u2013 CentroGuarulhos \u2013 SP, CEP 07115-000Brazil CNPJ (Brazilian company number): 49.867.202\/0001-24 Management \/ Responsible: Cleude Aparecida Burdzik \u2013 Managing Partner (S\u00f3cia-Administradora)Peter [&hellip;]<\/p>\n","protected":false},"author":1,"featured_media":0,"parent":0,"menu_order":0,"comment_status":"closed","ping_status":"closed","template":"elementor_header_footer","meta":{"footnotes":""},"class_list":["post-2819","page","type-page","status-publish","hentry"],"blocksy_meta":[],"_links":{"self":[{"href":"https:\/\/valianbrazil.com\/index.php\/wp-json\/wp\/v2\/pages\/2819","targetHints":{"allow":["GET"]}}],"collection":[{"href":"https:\/\/valianbrazil.com\/index.php\/wp-json\/wp\/v2\/pages"}],"about":[{"href":"https:\/\/valianbrazil.com\/index.php\/wp-json\/wp\/v2\/types\/page"}],"author":[{"embeddable":true,"href":"https:\/\/valianbrazil.com\/index.php\/wp-json\/wp\/v2\/users\/1"}],"replies":[{"embeddable":true,"href":"https:\/\/valianbrazil.com\/index.php\/wp-json\/wp\/v2\/comments?post=2819"}],"version-history":[{"count":28,"href":"https:\/\/valianbrazil.com\/index.php\/wp-json\/wp\/v2\/pages\/2819\/revisions"}],"predecessor-version":[{"id":3851,"href":"https:\/\/valianbrazil.com\/index.php\/wp-json\/wp\/v2\/pages\/2819\/revisions\/3851"}],"wp:attachment":[{"href":"https:\/\/valianbrazil.com\/index.php\/wp-json\/wp\/v2\/media?parent=2819"}],"curies":[{"name":"wp","href":"https:\/\/api.w.org\/{rel}","templated":true}]}}